{"id":212062,"date":"2023-04-24T11:25:59","date_gmt":"2023-04-24T11:25:59","guid":{"rendered":"https:\/\/barsatorre.com\/?page_id=212062"},"modified":"2025-05-27T17:31:36","modified_gmt":"2025-05-27T17:31:36","slug":"ezcaray","status":"publish","type":"page","link":"https:\/\/barsatorre.com\/index.php\/ezcaray\/","title":{"rendered":"Ezcaray"},"content":{"rendered":"<p>[et_pb_section fb_built=\u00bb1&#8243; custom_padding_last_edited=\u00bbon|desktop\u00bb background_color_2=\u00bb#ffffff\u00bb padding_top_bottom_link_2=\u00bbtrue\u00bb padding_left_right_link_2=\u00bbtrue\u00bb padding_top_2=\u00bb40px\u00bb padding_right_2=\u00bb30px\u00bb padding_bottom_2=\u00bb40px\u00bb padding_left_2=\u00bb30px\u00bb padding_2_tablet=\u00bb0px|0px|0px|0px|true|true\u00bb padding_2_phone=\u00bb\u00bb padding_2_last_edited=\u00bbon|tablet\u00bb admin_label=\u00bbHeader\u00bb _builder_version=\u00bb4.7.7&#8243; use_background_color_gradient=\u00bbon\u00bb background_color_gradient_start=\u00bb#ffffff\u00bb background_color_gradient_end=\u00bb#9c7a58&#8243; background_color_gradient_direction=\u00bb90deg\u00bb background_color_gradient_start_position=\u00bb65%\u00bb background_color_gradient_end_position=\u00bb0%\u00bb custom_padding=\u00bb5vw||0px||false|false\u00bb custom_padding_tablet=\u00bb||0px||false|false\u00bb custom_padding_phone=\u00bb\u00bb background_last_edited=\u00bbon|tablet\u00bb use_background_color_gradient_tablet=\u00bboff\u00bb][et_pb_row _builder_version=\u00bb4.0.8&#8243;][et_pb_column type=\u00bb4_4&#8243; _builder_version=\u00bb4.0.8&#8243;][et_pb_text _builder_version=\u00bb4.7.7&#8243; text_font=\u00bbCabin||||||||\u00bb text_text_color=\u00bbrgba(85,101,112,0.8)\u00bb text_font_size=\u00bb16px\u00bb text_line_height=\u00bb1.8em\u00bb header_font=\u00bbPlayfair Display|700|||||||\u00bb header_text_color=\u00bb#002d4c\u00bb header_font_size=\u00bb66px\u00bb header_line_height=\u00bb1.1em\u00bb header_3_font=\u00bbCabin|700||on|||||\u00bb header_3_text_color=\u00bb#bd8f52&#8243; header_3_font_size=\u00bb13px\u00bb header_3_letter_spacing=\u00bb3px\u00bb header_3_line_height=\u00bb1.4em\u00bb max_width=\u00bb36vw\u00bb max_width_tablet=\u00bb90%\u00bb max_width_phone=\u00bb100%\u00bb max_width_last_edited=\u00bbon|tablet\u00bb custom_margin=\u00bb||||false|false\u00bb text_font_size_tablet=\u00bb15px\u00bb text_font_size_phone=\u00bb14px\u00bb text_font_size_last_edited=\u00bbon|phone\u00bb header_font_size_tablet=\u00bb52px\u00bb header_font_size_phone=\u00bb38px\u00bb header_font_size_last_edited=\u00bbon|desktop\u00bb locked=\u00bboff\u00bb]<\/p>\n<h3>descubre<\/h3>\n<h1><span style=\"color: #000000;\">EZCARAY<\/span><\/h1>\n<p>[\/et_pb_text][\/et_pb_column][\/et_pb_row][\/et_pb_section][et_pb_section fb_built=\u00bb1&#8243; admin_label=\u00bbGallery\u00bb _builder_version=\u00bb4.0.7&#8243; custom_padding=\u00bb0px|||||\u00bb collapsed=\u00bboff\u00bb][et_pb_row column_structure=\u00bb1_2,1_2&#8243; _builder_version=\u00bb4.0.8&#8243; custom_padding=\u00bb0px|||||\u00bb][et_pb_column type=\u00bb1_2&#8243; _builder_version=\u00bb4.0.8&#8243; custom_padding=\u00bb||||false|false\u00bb box_shadow_style=\u00bbpreset4&#8243; box_shadow_horizontal=\u00bb120px\u00bb box_shadow_vertical=\u00bb80px\u00bb box_shadow_color=\u00bbrgba(85,101,112,0.08)\u00bb][et_pb_image src=\u00bbhttp:\/\/barsatorre.com\/wp-content\/uploads\/2023\/05\/IMG_5493-scaled.jpg\u00bb title_text=\u00bbEzcaray\u00bb _builder_version=\u00bb4.7.7&#8243; custom_margin=\u00bb||||false|false\u00bb box_shadow_style=\u00bbpreset3&#8243; box_shadow_vertical=\u00bb80px\u00bb box_shadow_blur=\u00bb80px\u00bb box_shadow_spread=\u00bb-32px\u00bb box_shadow_color=\u00bbrgba(0,45,76,0.32)\u00bb][\/et_pb_image][et_pb_image src=\u00bbhttp:\/\/barsatorre.com\/wp-content\/uploads\/2023\/05\/A1D5A68C-9AB5-43F8-85D4-2596A81B8097.jpg\u00bb title_text=\u00bbA1D5A68C-9AB5-43F8-85D4-2596A81B8097&#8243; _builder_version=\u00bb4.7.7&#8243; _module_preset=\u00bbdefault\u00bb][\/et_pb_image][\/et_pb_column][et_pb_column type=\u00bb1_2&#8243; _builder_version=\u00bb4.0.8&#8243; custom_padding=\u00bb60px||||false|false\u00bb custom_padding_tablet=\u00bb0px||||false|false\u00bb custom_padding_phone=\u00bb\u00bb custom_padding_last_edited=\u00bbon|tablet\u00bb][et_pb_text _builder_version=\u00bb4.7.7&#8243; text_font=\u00bbCabin||||||||\u00bb text_text_color=\u00bbrgba(85,101,112,0.8)\u00bb text_font_size=\u00bb16px\u00bb text_line_height=\u00bb1.8em\u00bb header_2_font=\u00bbPlayfair Display|700|||||||\u00bb header_2_text_color=\u00bb#002d4c\u00bb header_2_font_size=\u00bb56px\u00bb header_2_line_height=\u00bb1.1em\u00bb header_3_font=\u00bbCabin|700||on|||||\u00bb header_3_text_color=\u00bb#bd8f52&#8243; header_3_font_size=\u00bb13px\u00bb header_3_letter_spacing=\u00bb3px\u00bb header_3_line_height=\u00bb1.4em\u00bb max_width=\u00bb36vw\u00bb max_width_tablet=\u00bb90%\u00bb max_width_phone=\u00bb100%\u00bb max_width_last_edited=\u00bbon|tablet\u00bb custom_margin=\u00bb||2vw||false|false\u00bb text_font_size_tablet=\u00bb15px\u00bb text_font_size_phone=\u00bb14px\u00bb text_font_size_last_edited=\u00bbon|phone\u00bb header_2_font_size_tablet=\u00bb44px\u00bb header_2_font_size_phone=\u00bb32px\u00bb header_2_font_size_last_edited=\u00bbon|tablet\u00bb locked=\u00bboff\u00bb]<\/p>\n<h3>un entorno incomparable<\/h3>\n<p><span style=\"font-weight: 500;\">La villa de Ezcaray (La Rioja) se ubica en la parte alta del valle del Oja y a los pies de la Sierra de la Demanda. Cuenta con una rica historia anterior al siglo X y est\u00e1 rodeada de naturaleza colorida e impresionante, debido a las nevadas de invierno y c\u00e1lidos veranos.<\/span><\/p>\n<p><span style=\"font-weight: 500;\">Actualmente, es la 1\u00aa villa tur\u00edstica de la Rioja, por su variada oferta cultural, gastron\u00f3mica y de deportes de monta\u00f1a,\u00a0 manteniendo las visitas y su atractivo durante todas las estaciones del a\u00f1o.\u00a0<\/span><\/p>\n<p><span style=\"font-weight: 500;\">En invierno, la estaci\u00f3n de esqu\u00ed es el principal atractivo turistico, siendo familiar y de facil acceso, perfecta para aprender a esquiar o llevar a cabo otros deportes de invierno.<\/span><\/p>\n<p><span style=\"font-weight: 500;\">Durante los meses de primavera y verano, Ezcaray es el enclave perfecto para perderse en una de sus mil rutas, caminos y picos, c\u00f3mo se hace todos los a\u00f1os en la Travese\u00eda Picos de la Demanda o Ultratrail. Adem\u00e1s, en los meses de oto\u00f1o abundan setas en sus montes junto a la temporada de caza y berrea de los ciervos.\u00a0<\/span><\/p>\n<p>A lo largo del a\u00f1o Ezcaray es sede de diversas actividades culturales y conciertos; c\u00f3mo el Festival de Jazz o el <span style=\"color: rgba(0, 67, 112, 0.8);\"><a href=\"https:\/\/www.ezcafest.com\/\" style=\"color: rgba(0, 67, 112, 0.8);\">Ezca Fest<\/a><\/span>. Sus calles se llenan\u00a0de gente y visitantes, al igual que en las fiestas locales de Santa Barbara, San Lorenzo y la Virgen de Allende. Sin olvidarnos de sus famosas mantas, que atraen miles de visitantes.<\/p>\n<p><span style=\"font-weight: 500;\">A nivel gastron\u00f3mico, destaca por contar con m\u00e1s\u00a0 de 40 bares y restaurantes para apenas sus 2.000 habitantes. Desde los bares de vinos m\u00e1s tradicionales, pasando por casas de comidas a restaurantes de estrella Michelin. En lo que a los eventos gastron\u00f3micos se refiere, son sonadas las Habas de San Benito y las Jornadas Micol\u00f3gicas. Mientras que en Semana Santa, se puede degustar el \u201czurracapote\u201d\u00a0 en los bares.\u00a0<\/span><\/p>\n<p><span style=\"font-weight: 500;\">En definitiva Ezcaray y sus gentes, hacen de este paraje uno de los pueblos m\u00e1s bonitos, acogedores y alegres del pa\u00eds. <\/span><\/p>\n<p>[\/et_pb_text][\/et_pb_column][\/et_pb_row][et_pb_row column_structure=\u00bb1_3,1_3,1_3&#8243; _builder_version=\u00bb4.0.8&#8243; custom_margin=\u00bb|auto|84px|auto||\u00bb][et_pb_column type=\u00bb1_3&#8243; _builder_version=\u00bb4.0.8&#8243;][et_pb_image src=\u00bbhttp:\/\/barsatorre.com\/wp-content\/uploads\/2023\/06\/cilbarrena.jpg\u00bb title_text=\u00bbcilbarrena\u00bb _builder_version=\u00bb4.7.7&#8243; box_shadow_style=\u00bbpreset3&#8243; box_shadow_vertical=\u00bb80px\u00bb box_shadow_blur=\u00bb80px\u00bb box_shadow_spread=\u00bb-32px\u00bb box_shadow_color=\u00bbrgba(0,45,76,0.32)\u00bb][\/et_pb_image][\/et_pb_column][et_pb_column type=\u00bb1_3&#8243; _builder_version=\u00bb4.0.8&#8243;][et_pb_image src=\u00bbhttp:\/\/barsatorre.com\/wp-content\/uploads\/2023\/06\/Imagen-de-WhatsApp-2023-06-06-a-las-21.19.58.jpg\u00bb title_text=\u00bbImagen de WhatsApp 2023-06-06 a las 21.19.58&#8243; _builder_version=\u00bb4.7.7&#8243; box_shadow_style=\u00bbpreset3&#8243; box_shadow_vertical=\u00bb80px\u00bb box_shadow_blur=\u00bb80px\u00bb box_shadow_spread=\u00bb-32px\u00bb box_shadow_color=\u00bbrgba(0,45,76,0.32)\u00bb locked=\u00bboff\u00bb][\/et_pb_image][\/et_pb_column][et_pb_column type=\u00bb1_3&#8243; _builder_version=\u00bb4.0.8&#8243;][et_pb_image src=\u00bbhttp:\/\/barsatorre.com\/wp-content\/uploads\/2023\/04\/WhatsApp-Image-2023-04-21-at-11.57.04-4.jpeg\u00bb title_text=\u00bbWhatsApp Image 2023-04-21 at 11.57.04 (4)\u00bb _builder_version=\u00bb4.7.7&#8243; box_shadow_style=\u00bbpreset3&#8243; box_shadow_vertical=\u00bb80px\u00bb box_shadow_blur=\u00bb80px\u00bb box_shadow_spread=\u00bb-32px\u00bb box_shadow_color=\u00bbrgba(0,45,76,0.32)\u00bb locked=\u00bboff\u00bb][\/et_pb_image][\/et_pb_column][\/et_pb_row][et_pb_row column_structure=\u00bb1_3,1_3,1_3&#8243; _builder_version=\u00bb4.0.8&#8243; custom_margin=\u00bb-62px|auto|84px|auto||\u00bb custom_padding=\u00bb6px|||||\u00bb][et_pb_column type=\u00bb1_3&#8243; _builder_version=\u00bb4.0.8&#8243;][et_pb_image src=\u00bbhttp:\/\/barsatorre.com\/wp-content\/uploads\/2023\/06\/1D30D0F0-0519-4B8F-8943-D3EC592DE605.jpg\u00bb title_text=\u00bb1D30D0F0-0519-4B8F-8943-D3EC592DE605&#8243; _builder_version=\u00bb4.7.7&#8243; box_shadow_style=\u00bbpreset3&#8243; box_shadow_vertical=\u00bb80px\u00bb box_shadow_blur=\u00bb80px\u00bb box_shadow_spread=\u00bb-32px\u00bb box_shadow_color=\u00bbrgba(0,45,76,0.32)\u00bb][\/et_pb_image][\/et_pb_column][et_pb_column type=\u00bb1_3&#8243; _builder_version=\u00bb4.0.8&#8243;][et_pb_image src=\u00bbhttp:\/\/barsatorre.com\/wp-content\/uploads\/2023\/06\/IMG_9535-scaled.jpg\u00bb title_text=\u00bbIMG_9535&#8243; _builder_version=\u00bb4.7.7&#8243; box_shadow_style=\u00bbpreset3&#8243; box_shadow_vertical=\u00bb80px\u00bb box_shadow_blur=\u00bb80px\u00bb box_shadow_spread=\u00bb-32px\u00bb box_shadow_color=\u00bbrgba(0,45,76,0.32)\u00bb locked=\u00bboff\u00bb][\/et_pb_image][\/et_pb_column][et_pb_column type=\u00bb1_3&#8243; _builder_version=\u00bb4.0.8&#8243;][et_pb_image src=\u00bbhttp:\/\/barsatorre.com\/wp-content\/uploads\/2023\/06\/vaca-scaled.jpg\u00bb title_text=\u00bbvaca\u00bb _builder_version=\u00bb4.7.7&#8243; box_shadow_style=\u00bbpreset3&#8243; box_shadow_vertical=\u00bb80px\u00bb box_shadow_blur=\u00bb80px\u00bb box_shadow_spread=\u00bb-32px\u00bb box_shadow_color=\u00bbrgba(0,45,76,0.32)\u00bb locked=\u00bboff\u00bb][\/et_pb_image][\/et_pb_column][\/et_pb_row][\/et_pb_section][et_pb_section fb_built=\u00bb1&#8243; specialty=\u00bbon\u00bb padding_top_bottom_link_1=\u00bbfalse\u00bb padding_left_right_link_1=\u00bbfalse\u00bb padding_top_1=\u00bb0px\u00bb admin_label=\u00bbFooter\u00bb _builder_version=\u00bb4.7.7&#8243; background_color=\u00bb#bfbaa6&#8243; width=\u00bb94%\u00bb width_last_edited=\u00bboff|phone\u00bb module_alignment=\u00bbright\u00bb custom_margin=\u00bb-40px||||false|false\u00bb locked=\u00bboff\u00bb][et_pb_column type=\u00bb1_2&#8243; _builder_version=\u00bb3.25&#8243; custom_padding=\u00bb|||\u00bb custom_padding__hover=\u00bb|||\u00bb][et_pb_text _builder_version=\u00bb4.7.7&#8243; text_font=\u00bbCabin||||||||\u00bb text_font_size=\u00bb16px\u00bb text_line_height=\u00bb1.8em\u00bb header_2_font=\u00bbPlayfair Display|700|||||||\u00bb header_2_font_size=\u00bb56px\u00bb header_2_line_height=\u00bb1.1em\u00bb header_3_font=\u00bbCabin|700||on|||||\u00bb header_3_text_color=\u00bb#bd8f52&#8243; header_3_font_size=\u00bb13px\u00bb header_3_letter_spacing=\u00bb3px\u00bb header_3_line_height=\u00bb1.4em\u00bb background_layout=\u00bbdark\u00bb max_width=\u00bb500px\u00bb max_width_tablet=\u00bb90%\u00bb max_width_phone=\u00bb100%\u00bb max_width_last_edited=\u00bboff|desktop\u00bb custom_margin=\u00bb|0px|||false|false\u00bb text_font_size_tablet=\u00bb15px\u00bb text_font_size_phone=\u00bb14px\u00bb text_font_size_last_edited=\u00bbon|phone\u00bb header_2_font_size_tablet=\u00bb44px\u00bb header_2_font_size_phone=\u00bb32px\u00bb header_2_font_size_last_edited=\u00bbon|tablet\u00bb locked=\u00bboff\u00bb header_2_2_font_size_phone=\u00bb32px\u00bb header_3_2_font_size_phone=\u00bb32px\u00bb header_4_2_font_size_phone=\u00bb32px\u00bb header_5_2_font_size_phone=\u00bb32px\u00bb header_6_2_font_size_phone=\u00bb32px\u00bb header_2_2_font_size_tablet=\u00bb44px\u00bb header_3_2_font_size_tablet=\u00bb44px\u00bb header_4_2_font_size_tablet=\u00bb44px\u00bb header_5_2_font_size_tablet=\u00bb44px\u00bb header_6_2_font_size_tablet=\u00bb44px\u00bb header_2_2_font_size_last_edited=\u00bbon|tablet\u00bb header_3_2_font_size_last_edited=\u00bbon|tablet\u00bb header_4_2_font_size_last_edited=\u00bbon|tablet\u00bb header_5_2_font_size_last_edited=\u00bbon|tablet\u00bb header_6_2_font_size_last_edited=\u00bbon|tablet\u00bb]<\/p>\n<h3><span color=\"#000000\" style=\"color: #000000;\">estamos deseando conocerte<\/span><\/h3>\n<h2>\u00a1VIS\u00cdTANOS!<\/h2>\n<p>[\/et_pb_text][et_pb_button button_url=\u00bbhttps:\/\/barsatorre.myrestoo.net\/es\/reservar\u00bb button_text=\u00bbRESERVAr\u00bb button_alignment=\u00bbleft\u00bb _builder_version=\u00bb4.7.7&#8243; custom_button=\u00bbon\u00bb button_text_size=\u00bb13px\u00bb button_text_color=\u00bb#ffffff\u00bb button_bg_color=\u00bb#000000&#8243; button_border_width=\u00bb2px\u00bb button_border_color=\u00bb#ffffff\u00bb button_border_radius=\u00bb0px\u00bb button_letter_spacing=\u00bb2px\u00bb button_font=\u00bbCabin|600||on|||||\u00bb button_use_icon=\u00bboff\u00bb background_layout=\u00bbdark\u00bb custom_padding=\u00bb16px|24px|16px|24px|true|true\u00bb custom_padding_tablet=\u00bb||||false|true\u00bb custom_padding_phone=\u00bb24px||24px||true|true\u00bb custom_padding_last_edited=\u00bboff|tablet\u00bb box_shadow_style=\u00bbpreset7&#8243; box_shadow_horizontal=\u00bb0px\u00bb box_shadow_vertical=\u00bb0px\u00bb box_shadow_spread=\u00bb2px\u00bb box_shadow_color=\u00bb#002d4c\u00bb locked=\u00bboff\u00bb box_shadow_spread__hover_enabled=\u00bbon|desktop\u00bb box_shadow_spread__hover=\u00bb6px\u00bb button_border_color__hover_enabled=\u00bbon|desktop\u00bb button_border_color__hover=\u00bb#d1d1d1&#8243;][\/et_pb_button][et_pb_image src=\u00bbhttp:\/\/barsatorre.com\/wp-content\/uploads\/2024\/06\/logotipo-solete-HORIZONTAL.png\u00bb title_text=\u00bblogotipo-solete-HORIZONTAL\u00bb _builder_version=\u00bb4.7.7&#8243; _module_preset=\u00bbdefault\u00bb width=\u00bb51%\u00bb max_width=\u00bb100%\u00bb module_alignment=\u00bbleft\u00bb custom_margin=\u00bb|0px|||false|false\u00bb locked=\u00bboff\u00bb][\/et_pb_image][\/et_pb_column][et_pb_column type=\u00bb1_2&#8243; specialty_columns=\u00bb2&#8243; _builder_version=\u00bb3.25&#8243; custom_padding=\u00bb|||\u00bb custom_padding__hover=\u00bb|||\u00bb][et_pb_row_inner _builder_version=\u00bb4.0.7&#8243;][et_pb_column_inner saved_specialty_column_type=\u00bb1_2&#8243; _builder_version=\u00bb4.0.7&#8243;][et_pb_blurb title=\u00bbtel\u00e9fono\u00bb use_icon=\u00bbon\u00bb font_icon=\u00bb%%221%%\u00bb icon_color=\u00bb#ffffff\u00bb use_circle=\u00bbon\u00bb icon_placement=\u00bbleft\u00bb content_max_width=\u00bb1100px\u00bb _builder_version=\u00bb4.7.7&#8243; header_font=\u00bbCabin|700||on|||||\u00bb header_text_color=\u00bbrgba(85,101,112,0.8)\u00bb header_font_size=\u00bb12px\u00bb header_letter_spacing=\u00bb2px\u00bb header_line_height=\u00bb1.4em\u00bb body_font=\u00bbCabin|700|||||||\u00bb body_font_size=\u00bb16px\u00bb body_line_height=\u00bb1.3em\u00bb background_layout=\u00bbdark\u00bb custom_margin=\u00bb||||false|false\u00bb body_font_size_tablet=\u00bb15px\u00bb body_font_size_phone=\u00bb14px\u00bb body_font_size_last_edited=\u00bboff|desktop\u00bb locked=\u00bboff\u00bb]<\/p>\n<p>941 05 51 45<\/p>\n<p>[\/et_pb_blurb][et_pb_blurb title=\u00bbubicaci\u00f3n\u00bb use_icon=\u00bbon\u00bb font_icon=\u00bb%%249%%\u00bb icon_color=\u00bb#ffffff\u00bb use_circle=\u00bbon\u00bb icon_placement=\u00bbleft\u00bb content_max_width=\u00bb1100px\u00bb _builder_version=\u00bb4.7.7&#8243; header_font=\u00bbCabin|700||on|||||\u00bb header_text_color=\u00bbrgba(85,101,112,0.8)\u00bb header_font_size=\u00bb12px\u00bb header_letter_spacing=\u00bb2px\u00bb header_line_height=\u00bb1.4em\u00bb body_font=\u00bbCabin|700|||||||\u00bb body_font_size=\u00bb16px\u00bb body_line_height=\u00bb1.3em\u00bb background_layout=\u00bbdark\u00bb custom_margin=\u00bb||||false|false\u00bb body_font_size_tablet=\u00bb15px\u00bb body_font_size_phone=\u00bb14px\u00bb body_font_size_last_edited=\u00bboff|desktop\u00bb locked=\u00bboff\u00bb]<\/p>\n<p>Pl. Conde de Torrem\u00fazquiz, 1, 26280 Ezcaray, La Rioja<\/p>\n<p>[\/et_pb_blurb][et_pb_blurb title=\u00bbEmail \u00bb use_icon=\u00bbon\u00bb font_icon=\u00bb%%238%%\u00bb icon_color=\u00bb#ffffff\u00bb use_circle=\u00bbon\u00bb icon_placement=\u00bbleft\u00bb content_max_width=\u00bb1100px\u00bb _builder_version=\u00bb4.7.7&#8243; header_font=\u00bbCabin|700||on|||||\u00bb header_text_color=\u00bbrgba(85,101,112,0.8)\u00bb header_font_size=\u00bb12px\u00bb header_letter_spacing=\u00bb2px\u00bb header_line_height=\u00bb1.4em\u00bb body_font=\u00bbCabin|700|||||||\u00bb body_font_size=\u00bb16px\u00bb body_line_height=\u00bb1.3em\u00bb background_layout=\u00bbdark\u00bb custom_margin=\u00bb||||false|false\u00bb body_font_size_tablet=\u00bb15px\u00bb body_font_size_phone=\u00bb14px\u00bb body_font_size_last_edited=\u00bboff|desktop\u00bb locked=\u00bboff\u00bb]<\/p>\n<p>info@barsatorre.com<\/p>\n<p>[\/et_pb_blurb][et_pb_blurb title=\u00bbINSTAGRAM\u00bb use_icon=\u00bbon\u00bb font_icon=\u00bb%%298%%\u00bb icon_color=\u00bb#ffffff\u00bb use_circle=\u00bbon\u00bb icon_placement=\u00bbleft\u00bb content_max_width=\u00bb1100px\u00bb _builder_version=\u00bb4.7.7&#8243; header_font=\u00bbCabin|700||on|||||\u00bb header_text_color=\u00bbrgba(85,101,112,0.8)\u00bb header_font_size=\u00bb12px\u00bb header_letter_spacing=\u00bb2px\u00bb header_line_height=\u00bb1.4em\u00bb body_font=\u00bbCabin|700|||||||\u00bb body_font_size=\u00bb16px\u00bb body_line_height=\u00bb1.3em\u00bb background_layout=\u00bbdark\u00bb custom_margin=\u00bb||||false|false\u00bb body_font_size_tablet=\u00bb15px\u00bb body_font_size_phone=\u00bb14px\u00bb body_font_size_last_edited=\u00bboff|desktop\u00bb locked=\u00bboff\u00bb]<\/p>\n<p>@barsatorre_<\/p>\n<p>[\/et_pb_blurb][\/et_pb_column_inner][\/et_pb_row_inner][\/et_pb_column][\/et_pb_section]<\/p>\n","protected":false},"excerpt":{"rendered":"<p>[et_pb_section fb_built=\u00bb1&#8243; custom_padding_last_edited=\u00bbon|desktop\u00bb background_color_2=\u00bb#ffffff\u00bb padding_top_bottom_link_2=\u00bbtrue\u00bb padding_left_right_link_2=\u00bbtrue\u00bb padding_top_2=\u00bb40px\u00bb padding_right_2=\u00bb30px\u00bb padding_bottom_2=\u00bb40px\u00bb padding_left_2=\u00bb30px\u00bb padding_2_tablet=\u00bb0px|0px|0px|0px|true|true\u00bb padding_2_phone=\u00bb\u00bb padding_2_last_edited=\u00bbon|tablet\u00bb admin_label=\u00bbHeader\u00bb _builder_version=\u00bb4.7.7&#8243; use_background_color_gradient=\u00bbon\u00bb background_color_gradient_start=\u00bb#ffffff\u00bb background_color_gradient_end=\u00bb#9c7a58&#8243; background_color_gradient_direction=\u00bb90deg\u00bb background_color_gradient_start_position=\u00bb65%\u00bb background_color_gradient_end_position=\u00bb0%\u00bb custom_padding=\u00bb5vw||0px||false|false\u00bb custom_padding_tablet=\u00bb||0px||false|false\u00bb custom_padding_phone=\u00bb\u00bb background_last_edited=\u00bbon|tablet\u00bb use_background_color_gradient_tablet=\u00bboff\u00bb][et_pb_row _builder_version=\u00bb4.0.8&#8243;][et_pb_column type=\u00bb4_4&#8243; _builder_version=\u00bb4.0.8&#8243;][et_pb_text _builder_version=\u00bb4.7.7&#8243; text_font=\u00bbCabin||||||||\u00bb text_text_color=\u00bbrgba(85,101,112,0.8)\u00bb text_font_size=\u00bb16px\u00bb text_line_height=\u00bb1.8em\u00bb header_font=\u00bbPlayfair Display|700|||||||\u00bb header_text_color=\u00bb#002d4c\u00bb header_font_size=\u00bb66px\u00bb header_line_height=\u00bb1.1em\u00bb header_3_font=\u00bbCabin|700||on|||||\u00bb header_3_text_color=\u00bb#bd8f52&#8243; header_3_font_size=\u00bb13px\u00bb header_3_letter_spacing=\u00bb3px\u00bb header_3_line_height=\u00bb1.4em\u00bb max_width=\u00bb36vw\u00bb max_width_tablet=\u00bb90%\u00bb max_width_phone=\u00bb100%\u00bb max_width_last_edited=\u00bbon|tablet\u00bb custom_margin=\u00bb||||false|false\u00bb text_font_size_tablet=\u00bb15px\u00bb text_font_size_phone=\u00bb14px\u00bb text_font_size_last_edited=\u00bbon|phone\u00bb header_font_size_tablet=\u00bb52px\u00bb header_font_size_phone=\u00bb38px\u00bb header_font_size_last_edited=\u00bbon|desktop\u00bb [&hellip;]<\/p>\n","protected":false},"author":1,"featured_media":0,"parent":0,"menu_order":0,"comment_status":"closed","ping_status":"closed","template":"","meta":{"_et_pb_use_builder":"on","_et_pb_old_content":"","_et_gb_content_width":"","om_disable_all_campaigns":false,"_monsterinsights_skip_tracking":false,"_monsterinsights_sitenote_active":false,"_monsterinsights_sitenote_note":"","_monsterinsights_sitenote_category":0,"_uf_show_specific_survey":0,"_uf_disable_surveys":false,"footnotes":""},"class_list":["post-212062","page","type-page","status-publish","hentry"],"aioseo_notices":[],"_links":{"self":[{"href":"https:\/\/barsatorre.com\/index.php\/wp-json\/wp\/v2\/pages\/212062","targetHints":{"allow":["GET"]}}],"collection":[{"href":"https:\/\/barsatorre.com\/index.php\/wp-json\/wp\/v2\/pages"}],"about":[{"href":"https:\/\/barsatorre.com\/index.php\/wp-json\/wp\/v2\/types\/page"}],"author":[{"embeddable":true,"href":"https:\/\/barsatorre.com\/index.php\/wp-json\/wp\/v2\/users\/1"}],"replies":[{"embeddable":true,"href":"https:\/\/barsatorre.com\/index.php\/wp-json\/wp\/v2\/comments?post=212062"}],"version-history":[{"count":27,"href":"https:\/\/barsatorre.com\/index.php\/wp-json\/wp\/v2\/pages\/212062\/revisions"}],"predecessor-version":[{"id":212469,"href":"https:\/\/barsatorre.com\/index.php\/wp-json\/wp\/v2\/pages\/212062\/revisions\/212469"}],"wp:attachment":[{"href":"https:\/\/barsatorre.com\/index.php\/wp-json\/wp\/v2\/media?parent=212062"}],"curies":[{"name":"wp","href":"https:\/\/api.w.org\/{rel}","templated":true}]}}