{"id":212100,"date":"2023-04-24T12:34:23","date_gmt":"2023-04-24T12:34:23","guid":{"rendered":"https:\/\/barsatorre.com\/?page_id=212100"},"modified":"2026-01-24T18:08:16","modified_gmt":"2026-01-24T18:08:16","slug":"reserva","status":"publish","type":"page","link":"https:\/\/barsatorre.com\/index.php\/reserva\/","title":{"rendered":"Reservas"},"content":{"rendered":"<p>[et_pb_section fb_built=\u00bb1&#8243; specialty=\u00bbon\u00bb custom_padding_last_edited=\u00bbon|desktop\u00bb background_color_2=\u00bb#ffffff\u00bb padding_top_bottom_link_2=\u00bbtrue\u00bb padding_left_right_link_2=\u00bbtrue\u00bb padding_top_2=\u00bb40px\u00bb padding_right_2=\u00bb30px\u00bb padding_bottom_2=\u00bb40px\u00bb padding_left_2=\u00bb30px\u00bb padding_2_tablet=\u00bb0px|0px|0px|0px|true|true\u00bb padding_2_phone=\u00bb\u00bb padding_2_last_edited=\u00bbon|tablet\u00bb admin_label=\u00bbHeader\u00bb _builder_version=\u00bb4.7.7&#8243; use_background_color_gradient=\u00bbon\u00bb background_color_gradient_start=\u00bb#ffffff\u00bb background_color_gradient_end=\u00bb#9c7a58&#8243; background_color_gradient_direction=\u00bb90deg\u00bb background_color_gradient_start_position=\u00bb65%\u00bb background_color_gradient_end_position=\u00bb0%\u00bb custom_padding=\u00bb5vw||80px||false|false\u00bb custom_padding_tablet=\u00bb||0px||false|false\u00bb custom_padding_phone=\u00bb\u00bb background_last_edited=\u00bbon|tablet\u00bb use_background_color_gradient_tablet=\u00bboff\u00bb][et_pb_column type=\u00bb1_2&#8243; specialty_columns=\u00bb2&#8243; _builder_version=\u00bb3.25&#8243; custom_padding=\u00bb|||\u00bb custom_padding__hover=\u00bb|||\u00bb][et_pb_row_inner _builder_version=\u00bb4.0.8&#8243;][et_pb_column_inner saved_specialty_column_type=\u00bb1_2&#8243; _builder_version=\u00bb4.0.8&#8243;][et_pb_text _builder_version=\u00bb4.7.7&#8243; text_font=\u00bbCabin||||||||\u00bb text_text_color=\u00bbrgba(85,101,112,0.8)\u00bb text_font_size=\u00bb16px\u00bb text_line_height=\u00bb1.8em\u00bb header_font=\u00bbPlayfair Display|700|||||||\u00bb header_text_color=\u00bb#002d4c\u00bb header_font_size=\u00bb66px\u00bb header_line_height=\u00bb1.1em\u00bb header_3_font=\u00bbCabin|700||on|||||\u00bb header_3_text_color=\u00bb#bd8f52&#8243; header_3_font_size=\u00bb13px\u00bb header_3_letter_spacing=\u00bb3px\u00bb header_3_line_height=\u00bb1.4em\u00bb max_width=\u00bb36vw\u00bb max_width_tablet=\u00bb90%\u00bb max_width_phone=\u00bb100%\u00bb max_width_last_edited=\u00bbon|tablet\u00bb custom_margin=\u00bb||||false|false\u00bb text_font_size_tablet=\u00bb15px\u00bb text_font_size_phone=\u00bb14px\u00bb text_font_size_last_edited=\u00bbon|phone\u00bb header_font_size_tablet=\u00bb52px\u00bb header_font_size_phone=\u00bb38px\u00bb header_font_size_last_edited=\u00bbon|desktop\u00bb locked=\u00bboff\u00bb]<\/p>\n<h3>Contacta con nosotros<\/h3>\n<h1><span style=\"color: #000000;\">Haz tu reserva<\/span><\/h1>\n<p>Ven a descubrir el encanto y gatronom\u00eda de Ezcaray al Bar Satorre, en la emblem\u00e1tica plaza del Quiosco. Reserva directamente a trav\u00e9s de la p\u00e1gina web o ll\u00e1manos.<\/p>\n<p><em>*Para reservas superiores a 10 personas, contactar directamente por tel\u00e9fono.\u00a0<\/em><\/p>\n<p><em>**Se recomienda terraza para reservas con carrito o accesibilidad reducida.\u00a0<\/em><\/p>\n<p><em><\/em><\/p>\n<p>[\/et_pb_text][et_pb_button button_url=\u00bbhttps:\/\/barsatorre.myrestoo.net\/es\/reservar\u00bb button_text=\u00bbRESERVAR\u00bb button_alignment=\u00bbcenter\u00bb _builder_version=\u00bb4.7.7&#8243; custom_button=\u00bbon\u00bb button_text_size=\u00bb13px\u00bb button_bg_color=\u00bb#bd8f52&#8243; button_border_width=\u00bb2px\u00bb button_border_color=\u00bb#bd8f52&#8243; button_border_radius=\u00bb0px\u00bb button_letter_spacing=\u00bb2px\u00bb button_font=\u00bbCabin|600||on|||||\u00bb button_use_icon=\u00bboff\u00bb background_layout=\u00bbdark\u00bb custom_padding=\u00bb16px|24px|16px|24px|true|true\u00bb custom_padding_tablet=\u00bb56px||56px||true|true\u00bb custom_padding_phone=\u00bb24px||24px||true|true\u00bb custom_padding_last_edited=\u00bboff|tablet\u00bb custom_css_main_element=\u00bbwidth:100%\u00bb box_shadow_style=\u00bbpreset7&#8243; box_shadow_horizontal=\u00bb0px\u00bb box_shadow_vertical=\u00bb0px\u00bb box_shadow_spread=\u00bb2px\u00bb box_shadow_color=\u00bb#ffffff\u00bb locked=\u00bboff\u00bb box_shadow_spread__hover_enabled=\u00bbon|hover\u00bb box_shadow_spread__hover=\u00bb6px\u00bb button_border_color__hover_enabled=\u00bbon|desktop\u00bb button_border_color__hover=\u00bb#d1d1d1&#8243;][\/et_pb_button][\/et_pb_column_inner][\/et_pb_row_inner][et_pb_row_inner column_structure=\u00bb1_3,1_3,1_3&#8243; _builder_version=\u00bb4.0.8&#8243;][et_pb_column_inner type=\u00bb1_3&#8243; saved_specialty_column_type=\u00bb1_2&#8243; _builder_version=\u00bb4.7.7&#8243; _module_preset=\u00bbdefault\u00bb][et_pb_blurb title=\u00bbtel\u00e9fono\u00bb _builder_version=\u00bb4.7.7&#8243; header_font=\u00bbCabin|700||on|||||\u00bb header_text_color=\u00bb#002d4c\u00bb header_font_size=\u00bb16px\u00bb header_letter_spacing=\u00bb1px\u00bb body_font=\u00bbCabin||||||||\u00bb body_text_color=\u00bbrgba(85,101,112,0.8)\u00bb body_line_height=\u00bb1.8em\u00bb animation=\u00bboff\u00bb body_font_size_tablet=\u00bb15px\u00bb body_font_size_phone=\u00bb14px\u00bb body_font_size_last_edited=\u00bboff|desktop\u00bb locked=\u00bboff\u00bb header_text_color__hover_enabled=\u00bboff|desktop\u00bb header_text_color__hover=\u00bb#ffffff\u00bb body_text_color__hover_enabled=\u00bboff|desktop\u00bb body_text_color__hover=\u00bb#ffffff\u00bb]<\/p>\n<p>(+34) <span>941 05 51 45<\/span><\/p>\n<p>[\/et_pb_blurb][\/et_pb_column_inner][et_pb_column_inner type=\u00bb1_3&#8243; saved_specialty_column_type=\u00bb1_2&#8243; _builder_version=\u00bb4.0.8&#8243;][et_pb_blurb title=\u00bbINSTAGRAM\u00bb _builder_version=\u00bb4.7.7&#8243; header_font=\u00bbCabin|700||on|||||\u00bb header_text_color=\u00bb#002d4c\u00bb header_font_size=\u00bb16px\u00bb header_letter_spacing=\u00bb1px\u00bb body_font=\u00bbCabin||||||||\u00bb body_text_color=\u00bbrgba(85,101,112,0.8)\u00bb body_line_height=\u00bb1.8em\u00bb animation=\u00bboff\u00bb body_font_size_tablet=\u00bb15px\u00bb body_font_size_phone=\u00bb14px\u00bb body_font_size_last_edited=\u00bboff|desktop\u00bb locked=\u00bboff\u00bb header_text_color__hover_enabled=\u00bboff|desktop\u00bb header_text_color__hover=\u00bb#ffffff\u00bb body_text_color__hover_enabled=\u00bboff|desktop\u00bb body_text_color__hover=\u00bb#ffffff\u00bb]<\/p>\n<p>@barsatorre_<\/p>\n<p>[\/et_pb_blurb][\/et_pb_column_inner][et_pb_column_inner type=\u00bb1_3&#8243; saved_specialty_column_type=\u00bb1_2&#8243; _builder_version=\u00bb4.0.8&#8243;][et_pb_blurb title=\u00bbEmail\u00bb _builder_version=\u00bb4.7.7&#8243; header_font=\u00bbCabin|700||on|||||\u00bb header_text_color=\u00bb#002d4c\u00bb header_font_size=\u00bb16px\u00bb header_letter_spacing=\u00bb1px\u00bb body_font=\u00bbCabin||||||||\u00bb body_text_color=\u00bbrgba(85,101,112,0.8)\u00bb body_line_height=\u00bb1.8em\u00bb animation=\u00bboff\u00bb body_font_size_tablet=\u00bb15px\u00bb body_font_size_phone=\u00bb14px\u00bb body_font_size_last_edited=\u00bboff|desktop\u00bb locked=\u00bboff\u00bb header_text_color__hover_enabled=\u00bboff|desktop\u00bb header_text_color__hover=\u00bb#ffffff\u00bb body_text_color__hover_enabled=\u00bboff|desktop\u00bb body_text_color__hover=\u00bb#ffffff\u00bb]<\/p>\n<p>info@barsatorre.com<\/p>\n<p>[\/et_pb_blurb][\/et_pb_column_inner][\/et_pb_row_inner][\/et_pb_column][et_pb_column type=\u00bb1_2&#8243; _builder_version=\u00bb3.25&#8243; custom_padding=\u00bb|||\u00bb custom_padding__hover=\u00bb|||\u00bb][et_pb_text _builder_version=\u00bb4.7.7&#8243; text_font=\u00bbCabin||||||||\u00bb text_text_color=\u00bbrgba(85,101,112,0.8)\u00bb text_font_size=\u00bb16px\u00bb text_line_height=\u00bb1.8em\u00bb header_font=\u00bbPlayfair Display|700|||||||\u00bb header_text_color=\u00bb#002d4c\u00bb header_font_size=\u00bb66px\u00bb header_line_height=\u00bb1.1em\u00bb header_3_font=\u00bbCabin|700||on|||||\u00bb header_3_text_color=\u00bb#bd8f52&#8243; header_3_font_size=\u00bb13px\u00bb header_3_letter_spacing=\u00bb3px\u00bb header_3_line_height=\u00bb1.4em\u00bb text_orientation=\u00bbcenter\u00bb max_width=\u00bb36vw\u00bb max_width_tablet=\u00bb90%\u00bb max_width_phone=\u00bb100%\u00bb max_width_last_edited=\u00bbon|tablet\u00bb custom_margin=\u00bb||0px||false|false\u00bb text_font_size_tablet=\u00bb15px\u00bb text_font_size_phone=\u00bb14px\u00bb text_font_size_last_edited=\u00bbon|phone\u00bb header_font_size_tablet=\u00bb52px\u00bb header_font_size_phone=\u00bb38px\u00bb header_font_size_last_edited=\u00bbon|desktop\u00bb locked=\u00bboff\u00bb]<\/p>\n<h3>\u00bfpodemos ayudarte?<\/h3>\n<p><em><\/em><\/p>\n<p>[\/et_pb_text][et_pb_code _builder_version=\u00bb4.7.7&#8243; _module_preset=\u00bbdefault\u00bb custom_padding=\u00bb0px|||||\u00bb locked=\u00bboff\u00bb]\n<div class=\"wpcf7 no-js\" id=\"wpcf7-f212126-o1\" lang=\"es-ES\" dir=\"ltr\">\n<div class=\"screen-reader-response\"><p role=\"status\" aria-live=\"polite\" aria-atomic=\"true\"><\/p> <ul><\/ul><\/div>\n<form action=\"\/index.php\/wp-json\/wp\/v2\/pages\/212100#wpcf7-f212126-o1\" method=\"post\" class=\"wpcf7-form init wpcf7-acceptance-as-validation\" aria-label=\"Formulario de contacto\" novalidate=\"novalidate\" data-status=\"init\">\n<div style=\"display: none;\">\n<input type=\"hidden\" name=\"_wpcf7\" value=\"212126\" \/>\n<input type=\"hidden\" name=\"_wpcf7_version\" value=\"5.7.7\" \/>\n<input type=\"hidden\" name=\"_wpcf7_locale\" value=\"es_ES\" \/>\n<input type=\"hidden\" name=\"_wpcf7_unit_tag\" value=\"wpcf7-f212126-o1\" \/>\n<input type=\"hidden\" name=\"_wpcf7_container_post\" value=\"0\" \/>\n<input type=\"hidden\" name=\"_wpcf7_posted_data_hash\" value=\"\" \/>\n<\/div>\n<p><label><br \/>\n<span class=\"wpcf7-form-control-wrap\" data-name=\"your-name\"><input size=\"40\" class=\"wpcf7-form-control wpcf7-text wpcf7-validates-as-required\" autocomplete=\"name\" aria-required=\"true\" aria-invalid=\"false\" placeholder=\"Nombre y Apellido\" value=\"\" type=\"text\" name=\"your-name\" \/><\/span> <\/label>\n<\/p>\n<p><label><br \/>\n<span class=\"wpcf7-form-control-wrap\" data-name=\"your-email\"><input size=\"40\" class=\"wpcf7-form-control wpcf7-text wpcf7-email wpcf7-validates-as-required wpcf7-validates-as-email\" autocomplete=\"email\" aria-required=\"true\" aria-invalid=\"false\" placeholder=\"Email\" value=\"\" type=\"email\" name=\"your-email\" \/><\/span> <\/label>\n<\/p>\n<p><label><br \/>\n<span class=\"wpcf7-form-control-wrap\" data-name=\"your-phone\"><input size=\"40\" class=\"wpcf7-form-control wpcf7-text wpcf7-tel wpcf7-validates-as-required wpcf7-validates-as-tel\" aria-required=\"true\" aria-invalid=\"false\" placeholder=\"Tel\u00e9fono\" value=\"\" type=\"tel\" name=\"your-phone\" \/><\/span><\/label>\n<\/p>\n<p><label><br \/>\n<span class=\"wpcf7-form-control-wrap\" data-name=\"your-message\"><textarea cols=\"40\" rows=\"10\" class=\"wpcf7-form-control wpcf7-textarea\" aria-invalid=\"false\" placeholder=\"Mensaje\" name=\"your-message\"><\/textarea><\/span> <\/label>\n<\/p>\n<p><input class=\"wpcf7-form-control has-spinner wpcf7-submit\" type=\"submit\" value=\"Enviar\" \/>\n<\/p><input type='hidden' class='wpcf7-pum' value='{\"closepopup\":false,\"closedelay\":0,\"openpopup\":false,\"openpopup_id\":0}' \/><div class=\"wpcf7-response-output\" aria-hidden=\"true\"><\/div>\n<\/form>\n<\/div>\n[\/et_pb_code][\/et_pb_column][\/et_pb_section][et_pb_section fb_built=\u00bb1&#8243; admin_label=\u00bbMap\u00bb _builder_version=\u00bb4.0.8&#8243; custom_padding=\u00bb0px||1px|||\u00bb][et_pb_row _builder_version=\u00bb4.0.8&#8243; z_index=\u00bb10&#8243; custom_padding=\u00bb0px||0px||true|\u00bb][et_pb_column type=\u00bb4_4&#8243; _builder_version=\u00bb4.0.8&#8243;][et_pb_blurb title=\u00bbvis\u00edtanos\u00bb use_icon=\u00bbon\u00bb font_icon=\u00bb%%249%%\u00bb icon_color=\u00bb#ffffff\u00bb use_circle=\u00bbon\u00bb circle_color=\u00bb#bd8f52&#8243; icon_placement=\u00bbleft\u00bb content_max_width=\u00bb1100px\u00bb _builder_version=\u00bb4.7.7&#8243; header_font=\u00bbCabin|700||on|||||\u00bb header_text_color=\u00bb#002d4c\u00bb header_font_size=\u00bb16px\u00bb header_letter_spacing=\u00bb1px\u00bb body_font=\u00bbCabin||||||||\u00bb body_text_color=\u00bbrgba(85,101,112,0.8)\u00bb body_line_height=\u00bb1.8em\u00bb background_color=\u00bb#ffffff\u00bb transform_scale_tablet=\u00bb\u00bb transform_scale_phone=\u00bb\u00bb transform_scale_last_edited=\u00bbon|tablet\u00bb transform_translate=\u00bb0px|100%\u00bb transform_translate_tablet=\u00bb0px|0%\u00bb transform_translate_phone=\u00bb\u00bb transform_translate_last_edited=\u00bbon|tablet\u00bb transform_translate_linked=\u00bboff\u00bb transform_rotate_tablet=\u00bb\u00bb transform_rotate_phone=\u00bb\u00bb transform_rotate_last_edited=\u00bbon|tablet\u00bb transform_skew_tablet=\u00bb\u00bb transform_skew_phone=\u00bb\u00bb transform_skew_last_edited=\u00bbon|tablet\u00bb transform_origin_tablet=\u00bb\u00bb transform_origin_phone=\u00bb\u00bb transform_origin_last_edited=\u00bbon|tablet\u00bb transform_styles_last_edited=\u00bbon|tablet\u00bb max_width=\u00bb480px\u00bb custom_margin=\u00bb||||false|false\u00bb custom_padding=\u00bb20px|30px|20px|30px|true|true\u00bb body_font_size_tablet=\u00bb15px\u00bb body_font_size_phone=\u00bb14px\u00bb body_font_size_last_edited=\u00bboff|desktop\u00bb transform_styles_tablet=\u00bb\u00bb transform_styles_phone=\u00bb\u00bb locked=\u00bboff\u00bb header_text_color__hover=\u00bb#ffffff\u00bb header_text_color__hover_enabled=\u00bboff|desktop\u00bb body_text_color__hover=\u00bb#ffffff\u00bb body_text_color__hover_enabled=\u00bboff|desktop\u00bb]<\/p>\n<p>Pl. Conde de Torrem\u00fazquiz, 1, 26280 Ezcaray, La Rioja<\/p>\n<p>[\/et_pb_blurb][\/et_pb_column][\/et_pb_row][\/et_pb_section][et_pb_section fb_built=\u00bb1&#8243; admin_label=\u00bbFeature\u00bb _builder_version=\u00bb4.0.8&#8243; custom_padding=\u00bb0px|||||\u00bb][et_pb_row column_structure=\u00bb1_2,1_2&#8243; _builder_version=\u00bb4.0.7&#8243; custom_padding=\u00bb0px|||||\u00bb locked=\u00bboff\u00bb][et_pb_column type=\u00bb1_2&#8243; _builder_version=\u00bb4.0.7&#8243;][et_pb_image src=\u00bbhttp:\/\/barsatorre.com\/wp-content\/uploads\/2023\/06\/interior-hori-scaled.jpg\u00bb title_text=\u00bbinterior hori\u00bb _builder_version=\u00bb4.7.7&#8243; custom_margin=\u00bb||60px|||\u00bb box_shadow_style=\u00bbpreset3&#8243; box_shadow_vertical=\u00bb80px\u00bb box_shadow_blur=\u00bb80px\u00bb box_shadow_spread=\u00bb-32px\u00bb box_shadow_color=\u00bbrgba(0,45,76,0.32)\u00bb][\/et_pb_image][\/et_pb_column][et_pb_column type=\u00bb1_2&#8243; _builder_version=\u00bb4.0.7&#8243; custom_padding=\u00bb60px||60px||true|false\u00bb custom_padding_tablet=\u00bb0px||30px||false|false\u00bb custom_padding_phone=\u00bb\u00bb custom_padding_last_edited=\u00bbon|phone\u00bb][et_pb_image src=\u00bbhttp:\/\/barsatorre.com\/wp-content\/uploads\/2023\/04\/noun-champagne-1258655.png\u00bb title_text=\u00bbnoun-champagne-1258655&#8243; _builder_version=\u00bb4.7.7&#8243; width=\u00bb100px\u00bb custom_padding=\u00bb||4px|||\u00bb][\/et_pb_image][et_pb_text _builder_version=\u00bb4.7.7&#8243; text_font=\u00bbCabin||||||||\u00bb text_text_color=\u00bbrgba(85,101,112,0.8)\u00bb text_font_size=\u00bb16px\u00bb text_line_height=\u00bb1.8em\u00bb header_2_font=\u00bbPlayfair Display|700|||||||\u00bb header_2_text_color=\u00bb#002d4c\u00bb header_2_font_size=\u00bb56px\u00bb header_2_line_height=\u00bb1.1em\u00bb header_3_font=\u00bbCabin|700||on|||||\u00bb header_3_text_color=\u00bb#bd8f52&#8243; header_3_font_size=\u00bb13px\u00bb header_3_letter_spacing=\u00bb3px\u00bb header_3_line_height=\u00bb1.4em\u00bb max_width=\u00bb36vw\u00bb max_width_tablet=\u00bb90%\u00bb max_width_phone=\u00bb100%\u00bb max_width_last_edited=\u00bbon|tablet\u00bb custom_margin=\u00bb-37px||2vw||false|false\u00bb text_font_size_tablet=\u00bb15px\u00bb text_font_size_phone=\u00bb14px\u00bb text_font_size_last_edited=\u00bbon|phone\u00bb header_2_font_size_tablet=\u00bb44px\u00bb header_2_font_size_phone=\u00bb32px\u00bb header_2_font_size_last_edited=\u00bbon|tablet\u00bb locked=\u00bboff\u00bb header_2_2_font_size_phone=\u00bb32px\u00bb header_3_2_font_size_phone=\u00bb32px\u00bb header_4_2_font_size_phone=\u00bb32px\u00bb header_5_2_font_size_phone=\u00bb32px\u00bb header_6_2_font_size_phone=\u00bb32px\u00bb header_2_2_font_size_tablet=\u00bb44px\u00bb header_3_2_font_size_tablet=\u00bb44px\u00bb header_4_2_font_size_tablet=\u00bb44px\u00bb header_5_2_font_size_tablet=\u00bb44px\u00bb header_6_2_font_size_tablet=\u00bb44px\u00bb header_2_2_font_size_last_edited=\u00bbon|tablet\u00bb header_3_2_font_size_last_edited=\u00bbon|tablet\u00bb header_4_2_font_size_last_edited=\u00bbon|tablet\u00bb header_5_2_font_size_last_edited=\u00bbon|tablet\u00bb header_6_2_font_size_last_edited=\u00bbon|tablet\u00bb]<\/p>\n<h3>GRUPOS Y EVENTOS<\/h3>\n<h2><span color=\"#000000\" style=\"color: #000000;\">Personalizados<\/span><\/h2>\n<p>[\/et_pb_text][et_pb_text _builder_version=\u00bb4.0.7&#8243; text_font=\u00bbCabin||||||||\u00bb text_text_color=\u00bbrgba(85,101,112,0.8)\u00bb text_font_size=\u00bb16px\u00bb text_line_height=\u00bb1.8em\u00bb header_font=\u00bbPlayfair Display|700|||||||\u00bb header_text_color=\u00bb#002d4c\u00bb header_font_size=\u00bb10vw\u00bb header_3_font=\u00bbCabin|700||on|||||\u00bb header_3_text_color=\u00bb#bd8f52&#8243; header_3_font_size=\u00bb13px\u00bb header_3_letter_spacing=\u00bb3px\u00bb header_3_line_height=\u00bb1.4em\u00bb max_width=\u00bb36vw\u00bb max_width_tablet=\u00bb90%\u00bb max_width_phone=\u00bb80%\u00bb max_width_last_edited=\u00bbon|tablet\u00bb custom_padding=\u00bb||0px|||\u00bb text_font_size_tablet=\u00bb15px\u00bb text_font_size_phone=\u00bb14px\u00bb text_font_size_last_edited=\u00bbon|phone\u00bb locked=\u00bboff\u00bb]<\/p>\n<p>Contamos con un servicio y oferta gastron\u00f3mica personalizada para grupos grandes, eventos o empresas. Si est\u00e1s pensando en hacer una celebraci\u00f3n\u00a0 o buscas un men\u00fa cerrado, no dudes en ponerte en contacto con nosotros.\u00a0<\/p>\n<p>[\/et_pb_text][\/et_pb_column][\/et_pb_row][\/et_pb_section]<\/p>\n","protected":false},"excerpt":{"rendered":"<p>[et_pb_section fb_built=\u00bb1&#8243; specialty=\u00bbon\u00bb custom_padding_last_edited=\u00bbon|desktop\u00bb background_color_2=\u00bb#ffffff\u00bb padding_top_bottom_link_2=\u00bbtrue\u00bb padding_left_right_link_2=\u00bbtrue\u00bb padding_top_2=\u00bb40px\u00bb padding_right_2=\u00bb30px\u00bb padding_bottom_2=\u00bb40px\u00bb padding_left_2=\u00bb30px\u00bb padding_2_tablet=\u00bb0px|0px|0px|0px|true|true\u00bb padding_2_phone=\u00bb\u00bb padding_2_last_edited=\u00bbon|tablet\u00bb admin_label=\u00bbHeader\u00bb _builder_version=\u00bb4.7.7&#8243; use_background_color_gradient=\u00bbon\u00bb background_color_gradient_start=\u00bb#ffffff\u00bb background_color_gradient_end=\u00bb#9c7a58&#8243; background_color_gradient_direction=\u00bb90deg\u00bb background_color_gradient_start_position=\u00bb65%\u00bb background_color_gradient_end_position=\u00bb0%\u00bb custom_padding=\u00bb5vw||80px||false|false\u00bb custom_padding_tablet=\u00bb||0px||false|false\u00bb custom_padding_phone=\u00bb\u00bb background_last_edited=\u00bbon|tablet\u00bb use_background_color_gradient_tablet=\u00bboff\u00bb][et_pb_column type=\u00bb1_2&#8243; specialty_columns=\u00bb2&#8243; _builder_version=\u00bb3.25&#8243; custom_padding=\u00bb|||\u00bb custom_padding__hover=\u00bb|||\u00bb][et_pb_row_inner _builder_version=\u00bb4.0.8&#8243;][et_pb_column_inner saved_specialty_column_type=\u00bb1_2&#8243; _builder_version=\u00bb4.0.8&#8243;][et_pb_text _builder_version=\u00bb4.7.7&#8243; text_font=\u00bbCabin||||||||\u00bb text_text_color=\u00bbrgba(85,101,112,0.8)\u00bb text_font_size=\u00bb16px\u00bb text_line_height=\u00bb1.8em\u00bb header_font=\u00bbPlayfair Display|700|||||||\u00bb header_text_color=\u00bb#002d4c\u00bb header_font_size=\u00bb66px\u00bb header_line_height=\u00bb1.1em\u00bb header_3_font=\u00bbCabin|700||on|||||\u00bb header_3_text_color=\u00bb#bd8f52&#8243; header_3_font_size=\u00bb13px\u00bb header_3_letter_spacing=\u00bb3px\u00bb header_3_line_height=\u00bb1.4em\u00bb max_width=\u00bb36vw\u00bb max_width_tablet=\u00bb90%\u00bb max_width_phone=\u00bb100%\u00bb max_width_last_edited=\u00bbon|tablet\u00bb custom_margin=\u00bb||||false|false\u00bb [&hellip;]<\/p>\n","protected":false},"author":1,"featured_media":0,"parent":0,"menu_order":0,"comment_status":"closed","ping_status":"closed","template":"","meta":{"_et_pb_use_builder":"on","_et_pb_old_content":"","_et_gb_content_width":"","om_disable_all_campaigns":false,"_monsterinsights_skip_tracking":false,"_monsterinsights_sitenote_active":false,"_monsterinsights_sitenote_note":"","_monsterinsights_sitenote_category":0,"_uf_show_specific_survey":0,"_uf_disable_surveys":false,"footnotes":""},"class_list":["post-212100","page","type-page","status-publish","hentry"],"aioseo_notices":[],"_links":{"self":[{"href":"https:\/\/barsatorre.com\/index.php\/wp-json\/wp\/v2\/pages\/212100","targetHints":{"allow":["GET"]}}],"collection":[{"href":"https:\/\/barsatorre.com\/index.php\/wp-json\/wp\/v2\/pages"}],"about":[{"href":"https:\/\/barsatorre.com\/index.php\/wp-json\/wp\/v2\/types\/page"}],"author":[{"embeddable":true,"href":"https:\/\/barsatorre.com\/index.php\/wp-json\/wp\/v2\/users\/1"}],"replies":[{"embeddable":true,"href":"https:\/\/barsatorre.com\/index.php\/wp-json\/wp\/v2\/comments?post=212100"}],"version-history":[{"count":31,"href":"https:\/\/barsatorre.com\/index.php\/wp-json\/wp\/v2\/pages\/212100\/revisions"}],"predecessor-version":[{"id":212480,"href":"https:\/\/barsatorre.com\/index.php\/wp-json\/wp\/v2\/pages\/212100\/revisions\/212480"}],"wp:attachment":[{"href":"https:\/\/barsatorre.com\/index.php\/wp-json\/wp\/v2\/media?parent=212100"}],"curies":[{"name":"wp","href":"https:\/\/api.w.org\/{rel}","templated":true}]}}