{"id":212398,"date":"2025-02-19T14:17:14","date_gmt":"2025-02-19T14:17:14","guid":{"rendered":"https:\/\/barsatorre.com\/?page_id=212398"},"modified":"2025-02-19T14:22:24","modified_gmt":"2025-02-19T14:22:24","slug":"jornadas-de-caza","status":"publish","type":"page","link":"https:\/\/barsatorre.com\/index.php\/jornadas-de-caza\/","title":{"rendered":"Jornadas de caza"},"content":{"rendered":"<p>[et_pb_section fb_built=\u00bb1&#8243; custom_padding_last_edited=\u00bbon|desktop\u00bb background_color_2=\u00bb#ffffff\u00bb padding_top_bottom_link_2=\u00bbtrue\u00bb padding_left_right_link_2=\u00bbtrue\u00bb padding_top_2=\u00bb40px\u00bb padding_right_2=\u00bb30px\u00bb padding_bottom_2=\u00bb40px\u00bb padding_left_2=\u00bb30px\u00bb padding_2_tablet=\u00bb0px|0px|0px|0px|true|true\u00bb padding_2_phone=\u00bb\u00bb padding_2_last_edited=\u00bbon|tablet\u00bb admin_label=\u00bbHeader\u00bb _builder_version=\u00bb4.7.7&#8243; use_background_color_gradient=\u00bbon\u00bb background_color_gradient_start=\u00bb#ffffff\u00bb background_color_gradient_end=\u00bb#9c7a58&#8243; background_color_gradient_direction=\u00bb90deg\u00bb background_color_gradient_start_position=\u00bb65%\u00bb background_color_gradient_end_position=\u00bb0%\u00bb custom_padding=\u00bb5vw||0px||false|false\u00bb custom_padding_tablet=\u00bb||0px||false|false\u00bb custom_padding_phone=\u00bb\u00bb hover_enabled=\u00bb0&#8243; background_last_edited=\u00bbon|tablet\u00bb use_background_color_gradient_tablet=\u00bboff\u00bb background_enable_image=\u00bboff\u00bb sticky_enabled=\u00bb0&#8243;][et_pb_row _builder_version=\u00bb4.7.7&#8243;][et_pb_column type=\u00bb4_4&#8243; _builder_version=\u00bb4.0.8&#8243;][et_pb_text _builder_version=\u00bb4.7.7&#8243; text_font=\u00bbCabin||||||||\u00bb text_text_color=\u00bbrgba(85,101,112,0.8)\u00bb text_font_size=\u00bb16px\u00bb text_line_height=\u00bb1.8em\u00bb header_font=\u00bbPlayfair Display|700|||||||\u00bb header_text_color=\u00bb#002d4c\u00bb header_font_size=\u00bb66px\u00bb header_line_height=\u00bb1.1em\u00bb header_3_font=\u00bbCabin|700||on|||||\u00bb header_3_text_color=\u00bb#bd8f52&#8243; header_3_font_size=\u00bb13px\u00bb header_3_letter_spacing=\u00bb3px\u00bb header_3_line_height=\u00bb1.4em\u00bb max_width=\u00bb36vw\u00bb max_width_tablet=\u00bb90%\u00bb max_width_phone=\u00bb100%\u00bb max_width_last_edited=\u00bbon|tablet\u00bb custom_margin=\u00bb||||false|false\u00bb text_font_size_tablet=\u00bb15px\u00bb text_font_size_phone=\u00bb14px\u00bb text_font_size_last_edited=\u00bbon|phone\u00bb header_font_size_tablet=\u00bb52px\u00bb header_font_size_phone=\u00bb38px\u00bb header_font_size_last_edited=\u00bbon|desktop\u00bb locked=\u00bboff\u00bb]<\/p>\n<h3>Del 14 al 16 de marzo\u00a0<\/h3>\n<h1><span style=\"color: #000000;\">Jornadas de caza<\/span><\/h1>\n<p>[\/et_pb_text][\/et_pb_column][\/et_pb_row][\/et_pb_section][et_pb_section fb_built=\u00bb1&#8243; admin_label=\u00bbGallery\u00bb _builder_version=\u00bb4.0.7&#8243; custom_padding=\u00bb0px|||||\u00bb collapsed=\u00bboff\u00bb][et_pb_row column_structure=\u00bb1_2,1_2&#8243; _builder_version=\u00bb4.7.7&#8243; custom_padding=\u00bb0px|||||\u00bb][et_pb_column type=\u00bb1_2&#8243; _builder_version=\u00bb4.0.8&#8243; custom_padding=\u00bb||||false|false\u00bb box_shadow_style=\u00bbpreset4&#8243; box_shadow_horizontal=\u00bb120px\u00bb box_shadow_vertical=\u00bb80px\u00bb box_shadow_color=\u00bbrgba(85,101,112,0.08)\u00bb][et_pb_image src=\u00bbhttp:\/\/barsatorre.com\/wp-content\/uploads\/2025\/02\/IMG_7582_jpg-scaled-e1739972393175.jpg\u00bb title_text=\u00bbIMG_7582_jpg\u00bb _builder_version=\u00bb4.7.7&#8243; min_height=\u00bb589.1px\u00bb custom_margin=\u00bb||-53px||false|false\u00bb box_shadow_style=\u00bbpreset3&#8243; box_shadow_vertical=\u00bb80px\u00bb box_shadow_blur=\u00bb80px\u00bb box_shadow_spread=\u00bb-32px\u00bb box_shadow_color=\u00bbrgba(0,45,76,0.32)\u00bb][\/et_pb_image][\/et_pb_column][et_pb_column type=\u00bb1_2&#8243; _builder_version=\u00bb4.0.8&#8243; custom_padding=\u00bb60px||||false|false\u00bb custom_padding_tablet=\u00bb0px||||false|false\u00bb custom_padding_phone=\u00bb\u00bb custom_padding_last_edited=\u00bbon|tablet\u00bb][et_pb_text _builder_version=\u00bb4.7.7&#8243; text_font=\u00bbCabin||||||||\u00bb text_text_color=\u00bbrgba(85,101,112,0.8)\u00bb text_font_size=\u00bb16px\u00bb text_line_height=\u00bb1.8em\u00bb header_2_font=\u00bbPlayfair Display|700|||||||\u00bb header_2_text_color=\u00bb#002d4c\u00bb header_2_font_size=\u00bb56px\u00bb header_2_line_height=\u00bb1.1em\u00bb header_3_font=\u00bbCabin|700||on|||||\u00bb header_3_text_color=\u00bb#bd8f52&#8243; header_3_font_size=\u00bb13px\u00bb header_3_letter_spacing=\u00bb3px\u00bb header_3_line_height=\u00bb1.4em\u00bb max_width=\u00bb36vw\u00bb max_width_tablet=\u00bb90%\u00bb max_width_phone=\u00bb100%\u00bb max_width_last_edited=\u00bbon|tablet\u00bb custom_margin=\u00bb||2vw||false|false\u00bb text_font_size_tablet=\u00bb15px\u00bb text_font_size_phone=\u00bb14px\u00bb text_font_size_last_edited=\u00bbon|phone\u00bb header_2_font_size_tablet=\u00bb44px\u00bb header_2_font_size_phone=\u00bb32px\u00bb header_2_font_size_last_edited=\u00bbon|tablet\u00bb locked=\u00bboff\u00bb]<\/p>\n<h3>La caza en la cazuela<\/h3>\n<p>Al igual que el habito hace al monje, el entorno y paisaje determinan el desarrollo, cultura y recursos de la sociedad qu\u00e9 lo habita. El valle del Oja, con su rio hom\u00f3nimo y su gran n\u00famero de bosques y praderas se caracterizan por ser hogar de infinidad de variedad de animales y un lugar privilegiado para el paso de aves.<\/p>\n<p><span style=\"font-size: 16px;\">Ciervos, jabal\u00eds, palomas y becadas entre otros conforman el ecosistema cineg\u00e9tico de la Sierra de la Demanda formando\u00a0 parte importante de la dieta y alimentaci\u00f3n de sus gentes, debido a la dificultad del desarrollo de la agricultura en la zona.\u00a0<\/span><\/p>\n<p>Queremos honrar estos recursos que nos da la tierra a trav\u00e9s de un\u00a0 men\u00fa degustaci\u00f3n en el que la diversidad de variedades y m\u00e9todos de elaboraci\u00f3n y cocci\u00f3n sucumban a vuestro paladar haciendo honor a la frase de: \u00abLa caza y la pesca en la plaza\u00bb.<\/p>\n<p>&nbsp;<\/p>\n<p><span style=\"font-weight: 500;\"><\/span><\/p>\n<p>&nbsp;<\/p>\n<p>[\/et_pb_text][\/et_pb_column][\/et_pb_row][et_pb_row column_structure=\u00bb1_2,1_2&#8243; _builder_version=\u00bb4.7.7&#8243; _module_preset=\u00bbdefault\u00bb][et_pb_column type=\u00bb1_2&#8243; _builder_version=\u00bb4.7.7&#8243; _module_preset=\u00bbdefault\u00bb][et_pb_image src=\u00bbhttp:\/\/barsatorre.com\/wp-content\/uploads\/2025\/02\/IMG_0042.jpg\u00bb title_text=\u00bbIMG_0042&#8243; _builder_version=\u00bb4.7.7&#8243; _module_preset=\u00bbdefault\u00bb min_height=\u00bb623.1px\u00bb custom_margin=\u00bb|||2px||\u00bb custom_padding=\u00bb||0px|29px||\u00bb][\/et_pb_image][\/et_pb_column][et_pb_column type=\u00bb1_2&#8243; _builder_version=\u00bb4.7.7&#8243; _module_preset=\u00bbdefault\u00bb][et_pb_image src=\u00bbhttp:\/\/barsatorre.com\/wp-content\/uploads\/2025\/02\/1.png\u00bb title_text=\u00bb1&#8243; _builder_version=\u00bb4.7.7&#8243; _module_preset=\u00bbdefault\u00bb][\/et_pb_image][\/et_pb_column][\/et_pb_row][et_pb_row column_structure=\u00bb1_2,1_2&#8243; _builder_version=\u00bb4.7.7&#8243; _module_preset=\u00bbdefault\u00bb custom_margin=\u00bb|auto|-25px|auto||\u00bb custom_padding=\u00bb||0px|||\u00bb][et_pb_column type=\u00bb1_2&#8243; _builder_version=\u00bb4.7.7&#8243; _module_preset=\u00bbdefault\u00bb][et_pb_text _builder_version=\u00bb4.7.7&#8243; text_font=\u00bbCabin||||||||\u00bb text_text_color=\u00bbrgba(85,101,112,0.8)\u00bb text_font_size=\u00bb16px\u00bb text_line_height=\u00bb1.8em\u00bb header_2_font=\u00bbPlayfair Display|700|||||||\u00bb header_2_text_color=\u00bb#002d4c\u00bb header_2_font_size=\u00bb56px\u00bb header_2_line_height=\u00bb1.1em\u00bb header_3_font=\u00bbCabin|700||on|||||\u00bb header_3_text_color=\u00bb#bd8f52&#8243; header_3_font_size=\u00bb13px\u00bb header_3_letter_spacing=\u00bb3px\u00bb header_3_line_height=\u00bb1.4em\u00bb max_width=\u00bb36vw\u00bb max_width_tablet=\u00bb90%\u00bb max_width_phone=\u00bb100%\u00bb max_width_last_edited=\u00bbon|tablet\u00bb custom_margin=\u00bb||2vw||false|false\u00bb text_font_size_tablet=\u00bb15px\u00bb text_font_size_phone=\u00bb14px\u00bb text_font_size_last_edited=\u00bbon|phone\u00bb header_2_font_size_tablet=\u00bb44px\u00bb header_2_font_size_phone=\u00bb32px\u00bb header_2_font_size_last_edited=\u00bbon|tablet\u00bb locked=\u00bboff\u00bb]<\/p>\n<h3>\u00bfc\u00f3mo reservar?<\/h3>\n<ul>\n<li style=\"padding-left: 30px;\">Llamando por tel\u00e9fono: 941 055 145<\/li>\n<li style=\"padding-left: 30px;\">Escribi\u00e9ndonos por WhatsApp: 695 216 970<\/li>\n<li style=\"padding-left: 30px;\">Resrvando de forma directa en el Bar Satorre: Plaza Conde de Torremuzquiz 1, Ezcaray (La Rioja)<\/li>\n<li style=\"padding-left: 30px;\">Por correo electr\u00f3nico: <a href=\"mailto:info@barastorre.com\">info@barastorre.com<\/a>\u00a0<\/li>\n<\/ul>\n<p>[\/et_pb_text][\/et_pb_column][et_pb_column type=\u00bb1_2&#8243; _builder_version=\u00bb4.7.7&#8243; _module_preset=\u00bbdefault\u00bb][et_pb_text _builder_version=\u00bb4.7.7&#8243; text_font=\u00bbCabin||||||||\u00bb text_text_color=\u00bbrgba(85,101,112,0.8)\u00bb text_font_size=\u00bb16px\u00bb text_line_height=\u00bb1.8em\u00bb header_2_font=\u00bbPlayfair Display|700|||||||\u00bb header_2_text_color=\u00bb#002d4c\u00bb header_2_font_size=\u00bb56px\u00bb header_2_line_height=\u00bb1.1em\u00bb header_3_font=\u00bbCabin|700||on|||||\u00bb header_3_text_color=\u00bb#bd8f52&#8243; header_3_font_size=\u00bb13px\u00bb header_3_letter_spacing=\u00bb3px\u00bb header_3_line_height=\u00bb1.4em\u00bb max_width=\u00bb36vw\u00bb max_width_tablet=\u00bb90%\u00bb max_width_phone=\u00bb100%\u00bb max_width_last_edited=\u00bbon|tablet\u00bb custom_margin=\u00bb||2vw||false|false\u00bb text_font_size_tablet=\u00bb15px\u00bb text_font_size_phone=\u00bb14px\u00bb text_font_size_last_edited=\u00bbon|phone\u00bb header_2_font_size_tablet=\u00bb44px\u00bb header_2_font_size_phone=\u00bb32px\u00bb header_2_font_size_last_edited=\u00bbon|tablet\u00bb locked=\u00bboff\u00bb]<\/p>\n<h3>A tener en cuenta:\u00a0<\/h3>\n<ul>\n<li style=\"padding-left: 30px;\">La reserva ir\u00e1 acompa\u00f1ada de una fianza de 15\u20ac por persona para formalizarla.\u00a0<\/li>\n<li style=\"padding-left: 30px;\">En caso de cancelaci\u00f3n con menos de 48h de previso o no asistencia, la fianza no ser\u00e1 devuelta.\u00a0<\/li>\n<li style=\"padding-left: 30px;\">La fianza ser\u00e1 descontada a la hora de ralizar el pago final.\u00a0<\/li>\n<\/ul>\n<p>[\/et_pb_text][\/et_pb_column][\/et_pb_row][et_pb_row column_structure=\u00bb1_3,1_3,1_3&#8243; _builder_version=\u00bb4.0.8&#8243; custom_margin=\u00bb4px|auto|84px|auto||\u00bb][et_pb_column type=\u00bb1_3&#8243; _builder_version=\u00bb4.0.8&#8243;][et_pb_image src=\u00bbhttp:\/\/barsatorre.com\/wp-content\/uploads\/2025\/02\/IMG_7570-scaled.jpg\u00bb title_text=\u00bbIMG_7570&#8243; _builder_version=\u00bb4.7.7&#8243; box_shadow_style=\u00bbpreset3&#8243; box_shadow_vertical=\u00bb80px\u00bb box_shadow_blur=\u00bb80px\u00bb box_shadow_spread=\u00bb-32px\u00bb box_shadow_color=\u00bbrgba(0,45,76,0.32)\u00bb][\/et_pb_image][\/et_pb_column][et_pb_column type=\u00bb1_3&#8243; _builder_version=\u00bb4.0.8&#8243;][et_pb_image src=\u00bbhttp:\/\/barsatorre.com\/wp-content\/uploads\/2025\/02\/IMG_7513-1-scaled.jpg\u00bb title_text=\u00bbIMG_7513&#8243; _builder_version=\u00bb4.7.7&#8243; box_shadow_style=\u00bbpreset3&#8243; box_shadow_vertical=\u00bb80px\u00bb box_shadow_blur=\u00bb80px\u00bb box_shadow_spread=\u00bb-32px\u00bb box_shadow_color=\u00bbrgba(0,45,76,0.32)\u00bb locked=\u00bboff\u00bb][\/et_pb_image][\/et_pb_column][et_pb_column type=\u00bb1_3&#8243; _builder_version=\u00bb4.0.8&#8243;][et_pb_image src=\u00bbhttp:\/\/barsatorre.com\/wp-content\/uploads\/2025\/02\/IMG_7588-scaled.jpg\u00bb title_text=\u00bbIMG_7588&#8243; _builder_version=\u00bb4.7.7&#8243; box_shadow_style=\u00bbpreset3&#8243; box_shadow_vertical=\u00bb80px\u00bb box_shadow_blur=\u00bb80px\u00bb box_shadow_spread=\u00bb-32px\u00bb box_shadow_color=\u00bbrgba(0,45,76,0.32)\u00bb locked=\u00bboff\u00bb][\/et_pb_image][\/et_pb_column][\/et_pb_row][\/et_pb_section][et_pb_section fb_built=\u00bb1&#8243; specialty=\u00bbon\u00bb padding_top_bottom_link_1=\u00bbfalse\u00bb padding_left_right_link_1=\u00bbfalse\u00bb padding_top_1=\u00bb0px\u00bb admin_label=\u00bbFooter\u00bb _builder_version=\u00bb4.7.7&#8243; background_color=\u00bb#bfbaa6&#8243; width=\u00bb94%\u00bb width_last_edited=\u00bboff|phone\u00bb module_alignment=\u00bbright\u00bb custom_margin=\u00bb-40px||||false|false\u00bb locked=\u00bboff\u00bb][et_pb_column type=\u00bb1_2&#8243; _builder_version=\u00bb3.25&#8243; custom_padding=\u00bb|||\u00bb custom_padding__hover=\u00bb|||\u00bb][et_pb_text _builder_version=\u00bb4.7.7&#8243; text_font=\u00bbCabin||||||||\u00bb text_font_size=\u00bb16px\u00bb text_line_height=\u00bb1.8em\u00bb header_2_font=\u00bbPlayfair Display|700|||||||\u00bb header_2_font_size=\u00bb56px\u00bb header_2_line_height=\u00bb1.1em\u00bb header_3_font=\u00bbCabin|700||on|||||\u00bb header_3_text_color=\u00bb#bd8f52&#8243; header_3_font_size=\u00bb13px\u00bb header_3_letter_spacing=\u00bb3px\u00bb header_3_line_height=\u00bb1.4em\u00bb background_layout=\u00bbdark\u00bb max_width=\u00bb500px\u00bb max_width_tablet=\u00bb90%\u00bb max_width_phone=\u00bb100%\u00bb max_width_last_edited=\u00bboff|desktop\u00bb custom_margin=\u00bb|0px|||false|false\u00bb text_font_size_tablet=\u00bb15px\u00bb text_font_size_phone=\u00bb14px\u00bb text_font_size_last_edited=\u00bbon|phone\u00bb header_2_font_size_tablet=\u00bb44px\u00bb header_2_font_size_phone=\u00bb32px\u00bb header_2_font_size_last_edited=\u00bbon|tablet\u00bb locked=\u00bboff\u00bb header_2_2_font_size_phone=\u00bb32px\u00bb header_3_2_font_size_phone=\u00bb32px\u00bb header_4_2_font_size_phone=\u00bb32px\u00bb header_5_2_font_size_phone=\u00bb32px\u00bb header_6_2_font_size_phone=\u00bb32px\u00bb header_2_2_font_size_tablet=\u00bb44px\u00bb header_3_2_font_size_tablet=\u00bb44px\u00bb header_4_2_font_size_tablet=\u00bb44px\u00bb header_5_2_font_size_tablet=\u00bb44px\u00bb header_6_2_font_size_tablet=\u00bb44px\u00bb header_2_2_font_size_last_edited=\u00bbon|tablet\u00bb header_3_2_font_size_last_edited=\u00bbon|tablet\u00bb header_4_2_font_size_last_edited=\u00bbon|tablet\u00bb header_5_2_font_size_last_edited=\u00bbon|tablet\u00bb header_6_2_font_size_last_edited=\u00bbon|tablet\u00bb]<\/p>\n<h3><span color=\"#000000\" style=\"color: #000000;\">estamos deseando conocerte<\/span><\/h3>\n<h2>\u00a1VIS\u00cdTANOS!<\/h2>\n<p>[\/et_pb_text][et_pb_button button_url=\u00bbhttps:\/\/barsatorre.myrestoo.net\/es\/reservar\u00bb button_text=\u00bbRESERVAr\u00bb button_alignment=\u00bbleft\u00bb _builder_version=\u00bb4.7.7&#8243; custom_button=\u00bbon\u00bb button_text_size=\u00bb13px\u00bb button_text_color=\u00bb#ffffff\u00bb button_bg_color=\u00bb#000000&#8243; button_border_width=\u00bb2px\u00bb button_border_color=\u00bb#ffffff\u00bb button_border_radius=\u00bb0px\u00bb button_letter_spacing=\u00bb2px\u00bb button_font=\u00bbCabin|600||on|||||\u00bb button_use_icon=\u00bboff\u00bb background_layout=\u00bbdark\u00bb custom_padding=\u00bb16px|24px|16px|24px|true|true\u00bb custom_padding_tablet=\u00bb||||false|true\u00bb custom_padding_phone=\u00bb24px||24px||true|true\u00bb custom_padding_last_edited=\u00bboff|tablet\u00bb box_shadow_style=\u00bbpreset7&#8243; box_shadow_horizontal=\u00bb0px\u00bb box_shadow_vertical=\u00bb0px\u00bb box_shadow_spread=\u00bb2px\u00bb box_shadow_color=\u00bb#002d4c\u00bb locked=\u00bboff\u00bb box_shadow_spread__hover_enabled=\u00bbon|desktop\u00bb box_shadow_spread__hover=\u00bb6px\u00bb button_border_color__hover_enabled=\u00bbon|desktop\u00bb button_border_color__hover=\u00bb#d1d1d1&#8243;][\/et_pb_button][et_pb_image src=\u00bbhttp:\/\/barsatorre.com\/wp-content\/uploads\/2024\/06\/logotipo-solete-HORIZONTAL.png\u00bb title_text=\u00bblogotipo-solete-HORIZONTAL\u00bb _builder_version=\u00bb4.7.7&#8243; _module_preset=\u00bbdefault\u00bb width=\u00bb51%\u00bb max_width=\u00bb100%\u00bb module_alignment=\u00bbleft\u00bb custom_margin=\u00bb|0px|||false|false\u00bb locked=\u00bboff\u00bb][\/et_pb_image][\/et_pb_column][et_pb_column type=\u00bb1_2&#8243; specialty_columns=\u00bb2&#8243; _builder_version=\u00bb3.25&#8243; custom_padding=\u00bb|||\u00bb custom_padding__hover=\u00bb|||\u00bb][et_pb_row_inner _builder_version=\u00bb4.0.7&#8243;][et_pb_column_inner saved_specialty_column_type=\u00bb1_2&#8243; _builder_version=\u00bb4.0.7&#8243;][et_pb_blurb title=\u00bbtel\u00e9fono\u00bb use_icon=\u00bbon\u00bb font_icon=\u00bb%%221%%\u00bb icon_color=\u00bb#ffffff\u00bb use_circle=\u00bbon\u00bb icon_placement=\u00bbleft\u00bb content_max_width=\u00bb1100px\u00bb _builder_version=\u00bb4.7.7&#8243; header_font=\u00bbCabin|700||on|||||\u00bb header_text_color=\u00bbrgba(85,101,112,0.8)\u00bb header_font_size=\u00bb12px\u00bb header_letter_spacing=\u00bb2px\u00bb header_line_height=\u00bb1.4em\u00bb body_font=\u00bbCabin|700|||||||\u00bb body_font_size=\u00bb16px\u00bb body_line_height=\u00bb1.3em\u00bb background_layout=\u00bbdark\u00bb custom_margin=\u00bb||||false|false\u00bb body_font_size_tablet=\u00bb15px\u00bb body_font_size_phone=\u00bb14px\u00bb body_font_size_last_edited=\u00bboff|desktop\u00bb locked=\u00bboff\u00bb]<\/p>\n<p>941 05 51 45<\/p>\n<p>[\/et_pb_blurb][et_pb_blurb title=\u00bbubicaci\u00f3n\u00bb use_icon=\u00bbon\u00bb font_icon=\u00bb%%249%%\u00bb icon_color=\u00bb#ffffff\u00bb use_circle=\u00bbon\u00bb icon_placement=\u00bbleft\u00bb content_max_width=\u00bb1100px\u00bb _builder_version=\u00bb4.7.7&#8243; header_font=\u00bbCabin|700||on|||||\u00bb header_text_color=\u00bbrgba(85,101,112,0.8)\u00bb header_font_size=\u00bb12px\u00bb header_letter_spacing=\u00bb2px\u00bb header_line_height=\u00bb1.4em\u00bb body_font=\u00bbCabin|700|||||||\u00bb body_font_size=\u00bb16px\u00bb body_line_height=\u00bb1.3em\u00bb background_layout=\u00bbdark\u00bb custom_margin=\u00bb||||false|false\u00bb body_font_size_tablet=\u00bb15px\u00bb body_font_size_phone=\u00bb14px\u00bb body_font_size_last_edited=\u00bboff|desktop\u00bb locked=\u00bboff\u00bb]<\/p>\n<p>Pl. Conde de Torrem\u00fazquiz, 1, 26280 Ezcaray, La Rioja<\/p>\n<p>[\/et_pb_blurb][et_pb_blurb title=\u00bbEmail \u00bb use_icon=\u00bbon\u00bb font_icon=\u00bb%%238%%\u00bb icon_color=\u00bb#ffffff\u00bb use_circle=\u00bbon\u00bb icon_placement=\u00bbleft\u00bb content_max_width=\u00bb1100px\u00bb _builder_version=\u00bb4.7.7&#8243; header_font=\u00bbCabin|700||on|||||\u00bb header_text_color=\u00bbrgba(85,101,112,0.8)\u00bb header_font_size=\u00bb12px\u00bb header_letter_spacing=\u00bb2px\u00bb header_line_height=\u00bb1.4em\u00bb body_font=\u00bbCabin|700|||||||\u00bb body_font_size=\u00bb16px\u00bb body_line_height=\u00bb1.3em\u00bb background_layout=\u00bbdark\u00bb custom_margin=\u00bb||||false|false\u00bb body_font_size_tablet=\u00bb15px\u00bb body_font_size_phone=\u00bb14px\u00bb body_font_size_last_edited=\u00bboff|desktop\u00bb locked=\u00bboff\u00bb]<\/p>\n<p>info@barsatorre.com<\/p>\n<p>[\/et_pb_blurb][et_pb_blurb title=\u00bbINSTAGRAM\u00bb use_icon=\u00bbon\u00bb font_icon=\u00bb%%298%%\u00bb icon_color=\u00bb#ffffff\u00bb use_circle=\u00bbon\u00bb icon_placement=\u00bbleft\u00bb content_max_width=\u00bb1100px\u00bb _builder_version=\u00bb4.7.7&#8243; header_font=\u00bbCabin|700||on|||||\u00bb header_text_color=\u00bbrgba(85,101,112,0.8)\u00bb header_font_size=\u00bb12px\u00bb header_letter_spacing=\u00bb2px\u00bb header_line_height=\u00bb1.4em\u00bb body_font=\u00bbCabin|700|||||||\u00bb body_font_size=\u00bb16px\u00bb body_line_height=\u00bb1.3em\u00bb background_layout=\u00bbdark\u00bb custom_margin=\u00bb||||false|false\u00bb body_font_size_tablet=\u00bb15px\u00bb body_font_size_phone=\u00bb14px\u00bb body_font_size_last_edited=\u00bboff|desktop\u00bb locked=\u00bboff\u00bb]<\/p>\n<p>@barsatorre_<\/p>\n<p>[\/et_pb_blurb][\/et_pb_column_inner][\/et_pb_row_inner][\/et_pb_column][\/et_pb_section]<\/p>\n","protected":false},"excerpt":{"rendered":"<p>[et_pb_section fb_built=\u00bb1&#8243; custom_padding_last_edited=\u00bbon|desktop\u00bb background_color_2=\u00bb#ffffff\u00bb padding_top_bottom_link_2=\u00bbtrue\u00bb padding_left_right_link_2=\u00bbtrue\u00bb padding_top_2=\u00bb40px\u00bb padding_right_2=\u00bb30px\u00bb padding_bottom_2=\u00bb40px\u00bb padding_left_2=\u00bb30px\u00bb padding_2_tablet=\u00bb0px|0px|0px|0px|true|true\u00bb padding_2_phone=\u00bb\u00bb padding_2_last_edited=\u00bbon|tablet\u00bb admin_label=\u00bbHeader\u00bb _builder_version=\u00bb4.7.7&#8243; use_background_color_gradient=\u00bbon\u00bb background_color_gradient_start=\u00bb#ffffff\u00bb background_color_gradient_end=\u00bb#9c7a58&#8243; background_color_gradient_direction=\u00bb90deg\u00bb background_color_gradient_start_position=\u00bb65%\u00bb background_color_gradient_end_position=\u00bb0%\u00bb custom_padding=\u00bb5vw||0px||false|false\u00bb custom_padding_tablet=\u00bb||0px||false|false\u00bb custom_padding_phone=\u00bb\u00bb hover_enabled=\u00bb0&#8243; background_last_edited=\u00bbon|tablet\u00bb use_background_color_gradient_tablet=\u00bboff\u00bb background_enable_image=\u00bboff\u00bb sticky_enabled=\u00bb0&#8243;][et_pb_row _builder_version=\u00bb4.7.7&#8243;][et_pb_column type=\u00bb4_4&#8243; _builder_version=\u00bb4.0.8&#8243;][et_pb_text _builder_version=\u00bb4.7.7&#8243; text_font=\u00bbCabin||||||||\u00bb text_text_color=\u00bbrgba(85,101,112,0.8)\u00bb text_font_size=\u00bb16px\u00bb text_line_height=\u00bb1.8em\u00bb header_font=\u00bbPlayfair Display|700|||||||\u00bb header_text_color=\u00bb#002d4c\u00bb header_font_size=\u00bb66px\u00bb header_line_height=\u00bb1.1em\u00bb header_3_font=\u00bbCabin|700||on|||||\u00bb header_3_text_color=\u00bb#bd8f52&#8243; header_3_font_size=\u00bb13px\u00bb header_3_letter_spacing=\u00bb3px\u00bb header_3_line_height=\u00bb1.4em\u00bb max_width=\u00bb36vw\u00bb max_width_tablet=\u00bb90%\u00bb max_width_phone=\u00bb100%\u00bb max_width_last_edited=\u00bbon|tablet\u00bb custom_margin=\u00bb||||false|false\u00bb text_font_size_tablet=\u00bb15px\u00bb text_font_size_phone=\u00bb14px\u00bb text_font_size_last_edited=\u00bbon|phone\u00bb [&hellip;]<\/p>\n","protected":false},"author":1,"featured_media":0,"parent":0,"menu_order":0,"comment_status":"closed","ping_status":"closed","template":"","meta":{"_et_pb_use_builder":"on","_et_pb_old_content":"","_et_gb_content_width":"","om_disable_all_campaigns":false,"_monsterinsights_skip_tracking":false,"_monsterinsights_sitenote_active":false,"_monsterinsights_sitenote_note":"","_monsterinsights_sitenote_category":0,"_uf_show_specific_survey":0,"_uf_disable_surveys":false,"footnotes":""},"class_list":["post-212398","page","type-page","status-publish","hentry"],"aioseo_notices":[],"_links":{"self":[{"href":"https:\/\/barsatorre.com\/index.php\/wp-json\/wp\/v2\/pages\/212398","targetHints":{"allow":["GET"]}}],"collection":[{"href":"https:\/\/barsatorre.com\/index.php\/wp-json\/wp\/v2\/pages"}],"about":[{"href":"https:\/\/barsatorre.com\/index.php\/wp-json\/wp\/v2\/types\/page"}],"author":[{"embeddable":true,"href":"https:\/\/barsatorre.com\/index.php\/wp-json\/wp\/v2\/users\/1"}],"replies":[{"embeddable":true,"href":"https:\/\/barsatorre.com\/index.php\/wp-json\/wp\/v2\/comments?post=212398"}],"version-history":[{"count":5,"href":"https:\/\/barsatorre.com\/index.php\/wp-json\/wp\/v2\/pages\/212398\/revisions"}],"predecessor-version":[{"id":212417,"href":"https:\/\/barsatorre.com\/index.php\/wp-json\/wp\/v2\/pages\/212398\/revisions\/212417"}],"wp:attachment":[{"href":"https:\/\/barsatorre.com\/index.php\/wp-json\/wp\/v2\/media?parent=212398"}],"curies":[{"name":"wp","href":"https:\/\/api.w.org\/{rel}","templated":true}]}}